{"id":463,"date":"2022-07-02T16:51:46","date_gmt":"2022-07-02T14:51:46","guid":{"rendered":"http:\/\/www.lotad.org\/douelle\/?page_id=463"},"modified":"2022-07-02T16:55:25","modified_gmt":"2022-07-02T14:55:25","slug":"463-2","status":"publish","type":"page","link":"http:\/\/www.lotad.org\/douelle\/463-2\/","title":{"rendered":"Les \u00e9quipements"},"content":{"rendered":"\n<p>R\u00e9frig\u00e9rateur\/cong\u00e9lateur<br>Four<br>Micro ondes<br>Lave vaisselle 12 couverts<br>Lave linge<br>Cafeti\u00e8re<br>Grille pain<br>Barbecue<br>TV<br>Wifi<br>Console de jeux<br>Equipement b\u00e9b\u00e9 (lit parapluie, chaise haute, poussette canne)<br>Place de parking<\/p>\n","protected":false},"excerpt":{"rendered":"<p>R\u00e9frig\u00e9rateur\/cong\u00e9lateurFourMicro ondesLave vaisselle 12 couvertsLave lingeCafeti\u00e8reGrille painBarbecueTVWifiConsole de jeuxEquipement b\u00e9b\u00e9 (lit parapluie, chaise haute, poussette canne)Place de parking<\/p>\n","protected":false},"author":1,"featured_media":0,"parent":0,"menu_order":0,"comment_status":"closed","ping_status":"closed","template":"","meta":{"footnotes":""},"class_list":["post-463","page","type-page","status-publish","hentry"],"yoast_head":"<!-- This site is optimized with the Yoast SEO plugin v19.2 - https:\/\/yoast.com\/wordpress\/plugins\/seo\/ -->\n<title>Les \u00e9quipements - Douelle- location de gites<\/title>\n<meta name=\"robots\" content=\"index, follow, max-snippet:-1, max-image-preview:large, max-video-preview:-1\" \/>\n<link rel=\"canonical\" href=\"http:\/\/www.lotad.org\/douelle\/463-2\/\" \/>\n<meta property=\"og:locale\" content=\"fr_FR\" \/>\n<meta property=\"og:type\" content=\"article\" \/>\n<meta property=\"og:title\" content=\"Les \u00e9quipements - Douelle- location de gites\" \/>\n<meta property=\"og:description\" content=\"R\u00e9frig\u00e9rateur\/cong\u00e9lateurFourMicro ondesLave vaisselle 12 couvertsLave lingeCafeti\u00e8reGrille painBarbecueTVWifiConsole de jeuxEquipement b\u00e9b\u00e9 (lit parapluie, chaise haute, poussette canne)Place de parking\" \/>\n<meta property=\"og:url\" content=\"http:\/\/www.lotad.org\/douelle\/463-2\/\" \/>\n<meta property=\"og:site_name\" content=\"Douelle- location de gites\" \/>\n<meta property=\"article:modified_time\" content=\"2022-07-02T14:55:25+00:00\" \/>\n<meta name=\"author\" content=\"admin\" \/>\n<meta name=\"twitter:card\" content=\"summary_large_image\" \/>\n<meta name=\"twitter:label1\" content=\"Dur\u00e9e de lecture estim\u00e9e\" \/>\n\t<meta name=\"twitter:data1\" content=\"1 minute\" \/>\n<script type=\"application\/ld+json\" class=\"yoast-schema-graph\">{\"@context\":\"https:\/\/schema.org\",\"@graph\":[{\"@type\":\"WebSite\",\"@id\":\"https:\/\/www.lotad.org\/douelle\/#website\",\"url\":\"https:\/\/www.lotad.org\/douelle\/\",\"name\":\"Douelle- location de gites\",\"description\":\"Un s\u00e9jour nature dans le Lot\",\"potentialAction\":[{\"@type\":\"SearchAction\",\"target\":{\"@type\":\"EntryPoint\",\"urlTemplate\":\"https:\/\/www.lotad.org\/douelle\/?s={search_term_string}\"},\"query-input\":\"required name=search_term_string\"}],\"inLanguage\":\"fr-FR\"},{\"@type\":\"WebPage\",\"@id\":\"http:\/\/www.lotad.org\/douelle\/463-2\/#webpage\",\"url\":\"http:\/\/www.lotad.org\/douelle\/463-2\/\",\"name\":\"Les \u00e9quipements - Douelle- location de gites\",\"isPartOf\":{\"@id\":\"https:\/\/www.lotad.org\/douelle\/#website\"},\"datePublished\":\"2022-07-02T14:51:46+00:00\",\"dateModified\":\"2022-07-02T14:55:25+00:00\",\"breadcrumb\":{\"@id\":\"http:\/\/www.lotad.org\/douelle\/463-2\/#breadcrumb\"},\"inLanguage\":\"fr-FR\",\"potentialAction\":[{\"@type\":\"ReadAction\",\"target\":[\"http:\/\/www.lotad.org\/douelle\/463-2\/\"]}]},{\"@type\":\"BreadcrumbList\",\"@id\":\"http:\/\/www.lotad.org\/douelle\/463-2\/#breadcrumb\",\"itemListElement\":[{\"@type\":\"ListItem\",\"position\":1,\"name\":\"Accueil\",\"item\":\"https:\/\/www.lotad.org\/douelle\/\"},{\"@type\":\"ListItem\",\"position\":2,\"name\":\"Les \u00e9quipements\"}]}]}<\/script>\n<!-- \/ Yoast SEO plugin. -->","yoast_head_json":{"title":"Les \u00e9quipements - Douelle- location de gites","robots":{"index":"index","follow":"follow","max-snippet":"max-snippet:-1","max-image-preview":"max-image-preview:large","max-video-preview":"max-video-preview:-1"},"canonical":"http:\/\/www.lotad.org\/douelle\/463-2\/","og_locale":"fr_FR","og_type":"article","og_title":"Les \u00e9quipements - Douelle- location de gites","og_description":"R\u00e9frig\u00e9rateur\/cong\u00e9lateurFourMicro ondesLave vaisselle 12 couvertsLave lingeCafeti\u00e8reGrille painBarbecueTVWifiConsole de jeuxEquipement b\u00e9b\u00e9 (lit parapluie, chaise haute, poussette canne)Place de parking","og_url":"http:\/\/www.lotad.org\/douelle\/463-2\/","og_site_name":"Douelle- location de gites","article_modified_time":"2022-07-02T14:55:25+00:00","author":"admin","twitter_card":"summary_large_image","twitter_misc":{"Dur\u00e9e de lecture estim\u00e9e":"1 minute"},"schema":{"@context":"https:\/\/schema.org","@graph":[{"@type":"WebSite","@id":"https:\/\/www.lotad.org\/douelle\/#website","url":"https:\/\/www.lotad.org\/douelle\/","name":"Douelle- location de gites","description":"Un s\u00e9jour nature dans le Lot","potentialAction":[{"@type":"SearchAction","target":{"@type":"EntryPoint","urlTemplate":"https:\/\/www.lotad.org\/douelle\/?s={search_term_string}"},"query-input":"required name=search_term_string"}],"inLanguage":"fr-FR"},{"@type":"WebPage","@id":"http:\/\/www.lotad.org\/douelle\/463-2\/#webpage","url":"http:\/\/www.lotad.org\/douelle\/463-2\/","name":"Les \u00e9quipements - Douelle- location de gites","isPartOf":{"@id":"https:\/\/www.lotad.org\/douelle\/#website"},"datePublished":"2022-07-02T14:51:46+00:00","dateModified":"2022-07-02T14:55:25+00:00","breadcrumb":{"@id":"http:\/\/www.lotad.org\/douelle\/463-2\/#breadcrumb"},"inLanguage":"fr-FR","potentialAction":[{"@type":"ReadAction","target":["http:\/\/www.lotad.org\/douelle\/463-2\/"]}]},{"@type":"BreadcrumbList","@id":"http:\/\/www.lotad.org\/douelle\/463-2\/#breadcrumb","itemListElement":[{"@type":"ListItem","position":1,"name":"Accueil","item":"https:\/\/www.lotad.org\/douelle\/"},{"@type":"ListItem","position":2,"name":"Les \u00e9quipements"}]}]}},"_links":{"self":[{"href":"http:\/\/www.lotad.org\/douelle\/wp-json\/wp\/v2\/pages\/463","targetHints":{"allow":["GET"]}}],"collection":[{"href":"http:\/\/www.lotad.org\/douelle\/wp-json\/wp\/v2\/pages"}],"about":[{"href":"http:\/\/www.lotad.org\/douelle\/wp-json\/wp\/v2\/types\/page"}],"author":[{"embeddable":true,"href":"http:\/\/www.lotad.org\/douelle\/wp-json\/wp\/v2\/users\/1"}],"replies":[{"embeddable":true,"href":"http:\/\/www.lotad.org\/douelle\/wp-json\/wp\/v2\/comments?post=463"}],"version-history":[{"count":4,"href":"http:\/\/www.lotad.org\/douelle\/wp-json\/wp\/v2\/pages\/463\/revisions"}],"predecessor-version":[{"id":470,"href":"http:\/\/www.lotad.org\/douelle\/wp-json\/wp\/v2\/pages\/463\/revisions\/470"}],"wp:attachment":[{"href":"http:\/\/www.lotad.org\/douelle\/wp-json\/wp\/v2\/media?parent=463"}],"curies":[{"name":"wp","href":"https:\/\/api.w.org\/{rel}","templated":true}]}}